{"id":637,"date":"2025-03-02T16:06:11","date_gmt":"2025-03-02T16:06:11","guid":{"rendered":"https:\/\/vikingcranes.eu\/meist\/"},"modified":"2026-02-27T15:00:37","modified_gmt":"2026-02-27T15:00:37","slug":"meist","status":"publish","type":"page","link":"https:\/\/vikingcranes.eu\/et\/meist\/","title":{"rendered":"Meist"},"content":{"rendered":"\n<div class=\"gb-element-d450fbfe\">\n<div>\n<h3 class=\"wp-block-heading\"><div class=\"gb-element-d450fbfe\"><br><br><\/div>Tornkraanade ja autokraanade rent<\/h3>\n\n\n\n<p><strong>Ehitustehnika O\u00dc<\/strong> on kiiresti arenev tehnika rendifirma, mille p\u00f5hi tegevusalaks on tornkraanade rent. Tornkraanade rendiga alustasime 2006 a. Hetkel on Ehitustehnika O\u00dc kraanapargis 35 kraanat t\u00f5stev\u00f5imega 4-40 T, pluss kogu vajalik tehnika ja personal kraanade teenendamiseks. Firma areng on olnud stabiilne ja liikunud pidevas t\u00f5usujoones. T\u00e4nu professionaalsetele l\u00e4henemisele oleme t\u00e4naseks p\u00e4evaks saavutanud &nbsp;usaldusv\u00e4\u00e4rsuse ja pakume parimat&nbsp;torn- ja autokraana teenust Eestis, L\u00e4tis, Leedus, Soomes ja Rootsis.<\/p>\n\n\n\n<p>Lisaks t\u00f5stet\u00f6\u00f6dele, osutame auto transpordi teenust. Vajadusel transpordime kaupu Eesti siseselt, viime Eestist v\u00f5i toome Eestisse. Liigume Euroopas ja Skandinaavias, soovi korral&nbsp;\u00fclegabariidilised veod.<\/p>\n<\/div>\n\n\n\n<div>\n<img loading=\"lazy\" decoding=\"async\" width=\"1150\" height=\"767\" class=\"gb-media-45af6bd6 gb-element-d450fbfe\" src=\"https:\/\/vikingcranes.eu\/wp-content\/uploads\/2025\/03\/Potain-MDT-178_3W.jpg\" title=\"Potain-MDT-178_3W\" srcset=\"https:\/\/vikingcranes.eu\/wp-content\/uploads\/2025\/03\/Potain-MDT-178_3W.jpg 1150w, https:\/\/vikingcranes.eu\/wp-content\/uploads\/2025\/03\/Potain-MDT-178_3W-300x200.jpg 300w, https:\/\/vikingcranes.eu\/wp-content\/uploads\/2025\/03\/Potain-MDT-178_3W-1024x683.jpg 1024w, https:\/\/vikingcranes.eu\/wp-content\/uploads\/2025\/03\/Potain-MDT-178_3W-768x512.jpg 768w\" sizes=\"auto, (max-width: 1150px) 100vw, 1150px\" \/>\n<\/div>\n<\/div>\n","protected":false},"excerpt":{"rendered":"<p>Tornkraanade ja autokraanade rent Ehitustehnika O\u00dc on kiiresti arenev tehnika rendifirma, mille p\u00f5hi tegevusalaks on tornkraanade rent. Tornkraanade rendiga alustasime 2006 a. Hetkel on Ehitustehnika O\u00dc kraanapargis 35 kraanat t\u00f5stev\u00f5imega 4-40 T, pluss kogu vajalik tehnika ja personal kraanade teenendamiseks. Firma areng on olnud stabiilne ja liikunud pidevas t\u00f5usujoones. T\u00e4nu professionaalsetele l\u00e4henemisele oleme t\u00e4naseks p\u00e4evaks &#8230; <a title=\"Meist\" class=\"read-more\" href=\"https:\/\/vikingcranes.eu\/et\/meist\/\" aria-label=\"Read more about Meist\">Read more<\/a><\/p>\n","protected":false},"author":1,"featured_media":0,"parent":0,"menu_order":0,"comment_status":"closed","ping_status":"closed","template":"","meta":{"footnotes":""},"class_list":["post-637","page","type-page","status-publish"],"aioseo_notices":[],"_links":{"self":[{"href":"https:\/\/vikingcranes.eu\/et\/wp-json\/wp\/v2\/pages\/637","targetHints":{"allow":["GET"]}}],"collection":[{"href":"https:\/\/vikingcranes.eu\/et\/wp-json\/wp\/v2\/pages"}],"about":[{"href":"https:\/\/vikingcranes.eu\/et\/wp-json\/wp\/v2\/types\/page"}],"author":[{"embeddable":true,"href":"https:\/\/vikingcranes.eu\/et\/wp-json\/wp\/v2\/users\/1"}],"replies":[{"embeddable":true,"href":"https:\/\/vikingcranes.eu\/et\/wp-json\/wp\/v2\/comments?post=637"}],"version-history":[{"count":8,"href":"https:\/\/vikingcranes.eu\/et\/wp-json\/wp\/v2\/pages\/637\/revisions"}],"predecessor-version":[{"id":672,"href":"https:\/\/vikingcranes.eu\/et\/wp-json\/wp\/v2\/pages\/637\/revisions\/672"}],"wp:attachment":[{"href":"https:\/\/vikingcranes.eu\/et\/wp-json\/wp\/v2\/media?parent=637"}],"curies":[{"name":"wp","href":"https:\/\/api.w.org\/{rel}","templated":true}]}}